{"id":15053,"date":"2025-07-17T17:16:18","date_gmt":"2025-07-17T15:16:18","guid":{"rendered":"https:\/\/liceo-europeo.es\/liceosports\/swim-escuela-de-buceo\/"},"modified":"2026-04-30T08:53:39","modified_gmt":"2026-04-30T06:53:39","slug":"swim-escuela-de-buceo","status":"publish","type":"page","link":"https:\/\/liceo-europeo.es\/en\/liceosports\/swim-escuela-de-buceo\/","title":{"rendered":"Escuela de buceo"},"content":{"rendered":"<p>[et_pb_section fb_built=&#8221;1&#8243; fullwidth=&#8221;on&#8221; _builder_version=&#8221;4.27.4&#8243; _module_preset=&#8221;default&#8221; background_enable_color=&#8221;off&#8221; global_module=&#8221;12831&#8243; saved_tabs=&#8221;all&#8221; locked=&#8221;off&#8221; global_colors_info=&#8221;{}&#8221;][et_pb_fullwidth_menu menu_id=&#8221;394&#8243; menu_style=&#8221;centered&#8221; active_link_color=&#8221;#ffffff&#8221; _builder_version=&#8221;4.27.4&#8243; _module_preset=&#8221;default&#8221; menu_font=&#8221;&#8211;et_global_heading_font|500||on|||||&#8221; menu_text_color=&#8221;#ffffff&#8221; menu_line_height=&#8221;0em&#8221; background_color=&#8221;#009FDD&#8221; height=&#8221;60px&#8221; global_colors_info=&#8221;{}&#8221;][\/et_pb_fullwidth_menu][\/et_pb_section][et_pb_section fb_built=&#8221;1&#8243; _builder_version=&#8221;4.27.4&#8243; _module_preset=&#8221;default&#8221; background_image=&#8221;https:\/\/liceo-europeo.es\/wp-content\/uploads\/2025\/07\/01.jpg&#8221; custom_margin=&#8221;0px||0px||false|false&#8221; custom_padding=&#8221;0px||0px||false|false&#8221; global_colors_info=&#8221;{}&#8221;][et_pb_row _builder_version=&#8221;4.27.4&#8243; _module_preset=&#8221;default&#8221; width=&#8221;50%&#8221; width_tablet=&#8221;80%&#8221; width_phone=&#8221;100%&#8221; width_last_edited=&#8221;on|phone&#8221; custom_margin=&#8221;||||false|false&#8221; global_colors_info=&#8221;{}&#8221;][et_pb_column type=&#8221;4_4&#8243; _builder_version=&#8221;4.27.4&#8243; _module_preset=&#8221;default&#8221; global_colors_info=&#8221;{}&#8221;][et_pb_blurb title=&#8221;LiceoBalkysub&#8221; alt=&#8221;logo liceo sports swim&#8221; content_max_width=&#8221;80%&#8221; content_max_width_tablet=&#8221;80%&#8221; content_max_width_phone=&#8221;100%&#8221; content_max_width_last_edited=&#8221;on|phone&#8221; _builder_version=&#8221;4.27.6&#8243; _module_preset=&#8221;default&#8221; header_level=&#8221;h1&#8243; header_font=&#8221;&#8211;et_global_heading_font|700|||||||&#8221; header_text_align=&#8221;center&#8221; header_text_color=&#8221;#009FDD&#8221; header_font_size=&#8221;24px&#8221; body_font=&#8221;Avenir Light||||||||&#8221; body_text_align=&#8221;center&#8221; body_font_size=&#8221;16px&#8221; background_color=&#8221;rgba(255,255,255,0.95)&#8221; text_orientation=&#8221;center&#8221; min_height=&#8221;380px&#8221; custom_margin=&#8221;100px|100px|100px|100px|true|true&#8221; custom_margin_tablet=&#8221;100px|100px|100px|100px|true|true&#8221; custom_margin_phone=&#8221;25px|5px|25px|5px|true|true&#8221; custom_margin_last_edited=&#8221;on|phone&#8221; custom_padding=&#8221;20px|0px|20px|0px|true|false&#8221; animation_style=&#8221;slide&#8221; custom_css_main_element=&#8221;min-height:380px;&#8221; locked=&#8221;off&#8221; global_colors_info=&#8221;{}&#8221; background__hover_enabled=&#8221;on|hover&#8221; background_color__hover=&#8221;#ffffff&#8221; background_enable_color__hover=&#8221;on&#8221;]<\/p>\n<p style=\"text-align: center;\"><span style=\"text-decoration: line-through;\">\u00a0 \u00a0 \u00a0 \u00a0 \u00a0<\/span><\/p>\n<p><span style=\"color: #00a7d8;\"><strong>Liceo Europeo y el PADI Career Development Center \u201cEscuela de Buceo Balkysub\u201d de Murcia<\/strong><\/span>, se han unido para crear la nueva Escuela de Buceo LiceoBalkysub, abierta a alumnos del colegio y su entorno y a cualquier persona que quiera sumergirse en el mundo del buceo recreativo PADI.<\/p>\n<p>Liceo Europeo ha elegido a Balkysub como partner por ser una de las Escuelas de Buceo de mayor prestigio con sedes en el Mar Menor, Mar Rojo, Maldivas y M\u00e9xico.<\/p>\n<p>La Escuela LiceoBalkysub fomenta la pr\u00e1ctica del deporte y el ocio, ofreciendo la m\u00e1xima garant\u00eda de calidad en el servicio y en la formaci\u00f3n como buceador recreativo PADI.<\/p>\n<p><span style=\"color: #ffffff;\">Escuela de Buceo Liceo Europeo<\/span><\/p>\n<p>[\/et_pb_blurb][\/et_pb_column][\/et_pb_row][\/et_pb_section][et_pb_section fb_built=&#8221;1&#8243; _builder_version=&#8221;4.27.4&#8243; _module_preset=&#8221;default&#8221; custom_margin=&#8221;0px|0px|0px|0px|false|false&#8221; custom_padding=&#8221;0px|0px|0px|0px|false|false&#8221; global_colors_info=&#8221;{}&#8221;][et_pb_row column_structure=&#8221;1_2,1_2&#8243; use_custom_gutter=&#8221;on&#8221; gutter_width=&#8221;1&#8243; _builder_version=&#8221;4.27.4&#8243; _module_preset=&#8221;default&#8221; width=&#8221;100%&#8221; max_width=&#8221;100%&#8221; custom_margin=&#8221;0px|0px|0px|0px|false|false&#8221; custom_padding=&#8221;0px|0px|0px|0px|false|false&#8221; global_colors_info=&#8221;{}&#8221;][et_pb_column type=&#8221;1_2&#8243; _builder_version=&#8221;4.27.4&#8243; _module_preset=&#8221;default&#8221; global_colors_info=&#8221;{}&#8221;][et_pb_video src=&#8221;https:\/\/youtu.be\/jMRczlbblG8&#8243; image_src=&#8221;https:\/\/liceo-europeo.es\/wp-content\/uploads\/2025\/07\/buceo.jpg&#8221; _builder_version=&#8221;4.27.4&#8243; _module_preset=&#8221;default&#8221; global_colors_info=&#8221;{}&#8221;][\/et_pb_video][\/et_pb_column][et_pb_column type=&#8221;1_2&#8243; _builder_version=&#8221;4.27.4&#8243; _module_preset=&#8221;default&#8221; global_colors_info=&#8221;{}&#8221;][et_pb_blurb title=&#8221;DOCUMENTACI\u00d3N&#8221; alt=&#8221;icono-swim-piscina&#8221; _builder_version=&#8221;4.27.4&#8243; _module_preset=&#8221;default&#8221; header_text_align=&#8221;center&#8221; header_font_size=&#8221;22px&#8221; body_font=&#8221;&#8211;et_global_body_font|500|||||||&#8221; body_text_align=&#8221;center&#8221; image_icon_custom_padding=&#8221;25px||||false|false&#8221; custom_margin=&#8221;15%||||false|false&#8221; custom_margin_tablet=&#8221;&#8221; custom_margin_phone=&#8221;&#8221; custom_margin_last_edited=&#8221;on|phone&#8221; custom_padding=&#8221;|2%||2%|false|true&#8221; global_colors_info=&#8221;{}&#8221;]<\/p>\n<p><span style=\"text-decoration: line-through;\">\u00a0 \u00a0 \u00a0 \u00a0<\/span><\/p>\n<p>LiceoBalkysub<\/p>\n<p>&nbsp;<\/p>\n<p>[\/et_pb_blurb][dsm_icon_list icon_color=&#8221;#009FDD&#8221; list_alignment=&#8221;center&#8221; list_direction=&#8221;rtl&#8221; _builder_version=&#8221;4.27.4&#8243; _module_preset=&#8221;default&#8221; custom_margin_tablet=&#8221;||15px||false|false&#8221; custom_margin_phone=&#8221;||15px||false|false&#8221; custom_margin_last_edited=&#8221;on|phone&#8221; custom_padding_tablet=&#8221;&#8221; custom_padding_phone=&#8221;&#8221; custom_padding_last_edited=&#8221;on|phone&#8221; global_colors_info=&#8221;{}&#8221;][dsm_icon_list_child text=&#8221;Servicios&#8221; font_icon=&#8221;&#xe092;||divi||400&#8243; icon_color=&#8221;#009FDD&#8221; icon_padding=&#8221;2px&#8221; icon_font_size=&#8221;20px&#8221; url=&#8221;https:\/\/liceo-europeo.es\/wp-content\/uploads\/2025\/07\/liceobalkysub_servicios.pdf&#8221; url_new_window=&#8221;on&#8221; _builder_version=&#8221;4.27.4&#8243; _module_preset=&#8221;default&#8221; text_font=&#8221;Avenir Light|700|||||||&#8221; text_text_color=&#8221;#009FDD&#8221; text_font_size=&#8221;15px&#8221; global_colors_info=&#8221;{}&#8221;][\/dsm_icon_list_child][dsm_icon_list_child text=&#8221;Salidas de buceo diarias&#8221; font_icon=&#8221;&#xe092;||divi||400&#8243; icon_color=&#8221;#009FDD&#8221; icon_padding=&#8221;2px&#8221; icon_font_size=&#8221;20px&#8221; url=&#8221;https:\/\/liceo-europeo.es\/wp-content\/uploads\/2025\/07\/liceobalkysub_buceo.pdf&#8221; url_new_window=&#8221;on&#8221; _builder_version=&#8221;4.27.4&#8243; _module_preset=&#8221;default&#8221; text_font=&#8221;Avenir Light|700|||||||&#8221; text_text_color=&#8221;#009FDD&#8221; text_font_size=&#8221;15px&#8221; global_colors_info=&#8221;{}&#8221;][\/dsm_icon_list_child][dsm_icon_list_child text=&#8221;Formaci\u00f3n PADI Buceador&#8221; font_icon=&#8221;&#xe092;||divi||400&#8243; icon_color=&#8221;#009FDD&#8221; icon_padding=&#8221;2px&#8221; icon_font_size=&#8221;20px&#8221; url=&#8221;https:\/\/liceo-europeo.es\/wp-content\/uploads\/2025\/07\/liceobalkysub_cursos.pdf&#8221; url_new_window=&#8221;on&#8221; _builder_version=&#8221;4.27.4&#8243; _module_preset=&#8221;default&#8221; text_font=&#8221;Avenir Light|700|||||||&#8221; text_text_color=&#8221;#009FDD&#8221; text_font_size=&#8221;15px&#8221; global_colors_info=&#8221;{}&#8221;][\/dsm_icon_list_child][dsm_icon_list_child text=&#8221;Formaci\u00f3n PADI Profesional&#8221; font_icon=&#8221;&#xe092;||divi||400&#8243; icon_color=&#8221;#009FDD&#8221; icon_padding=&#8221;2px&#8221; icon_font_size=&#8221;20px&#8221; url=&#8221;https:\/\/liceo-europeo.es\/wp-content\/uploads\/2025\/07\/liceobalkysub_cursospro.pdf&#8221; url_new_window=&#8221;on&#8221; _builder_version=&#8221;4.27.4&#8243; _module_preset=&#8221;default&#8221; text_font=&#8221;Avenir Light|700|||||||&#8221; text_text_color=&#8221;#009FDD&#8221; text_font_size=&#8221;15px&#8221; global_colors_info=&#8221;{}&#8221;][\/dsm_icon_list_child][\/dsm_icon_list][et_pb_blurb title=&#8221;\u00bfQu\u00e9 es la Escuela de buceo?&#8221; alt=&#8221;icono-swim-piscina&#8221; _builder_version=&#8221;4.27.6&#8243; _module_preset=&#8221;default&#8221; header_text_align=&#8221;center&#8221; header_font_size=&#8221;22px&#8221; body_font=&#8221;&#8211;et_global_body_font|500|||||||&#8221; body_text_align=&#8221;center&#8221; image_icon_custom_padding=&#8221;25px||||false|false&#8221; custom_margin=&#8221;15%||||false|false&#8221; custom_margin_tablet=&#8221;&#8221; custom_margin_phone=&#8221;&#8221; custom_margin_last_edited=&#8221;on|phone&#8221; custom_padding=&#8221;|2%||2%|false|true&#8221; hover_enabled=&#8221;0&#8243; global_colors_info=&#8221;{}&#8221; sticky_enabled=&#8221;0&#8243;]<\/p>\n<p><span style=\"text-decoration: line-through;\">\u00a0 \u00a0 \u00a0 \u00a0<\/span><\/p>\n<p data-start=\"722\" data-end=\"1104\" style=\"text-align: left;\">La <strong data-start=\"725\" data-end=\"759\">escuela de buceo Liceo Europeo<\/strong> forma parte de la propuesta deportiva del centro, ofreciendo a los alumnos la posibilidad de iniciarse en el mundo del buceo en un entorno seguro, controlado y adaptado a su edad. A trav\u00e9s de este programa, el aprendizaje se plantea de forma progresiva, combinando t\u00e9cnica, conocimiento del medio acu\u00e1tico y desarrollo de la confianza personal.<\/p>\n<p data-start=\"1106\" data-end=\"1521\" style=\"text-align: left;\">Dentro de la <strong data-start=\"1119\" data-end=\"1153\">escuela de buceo Liceo Europeo<\/strong>, las sesiones se desarrollan en la piscina del colegio, lo que permite trabajar en condiciones \u00f3ptimas, con supervisi\u00f3n constante y un acompa\u00f1amiento cercano por parte del equipo especializado. Este entorno facilita que los alumnos adquieran seguridad desde el primer momento, comprendiendo los principios b\u00e1sicos del buceo y familiariz\u00e1ndose con el uso del material.<\/p>\n<p data-start=\"1523\" data-end=\"1839\" style=\"text-align: left;\">M\u00e1s all\u00e1 del componente t\u00e9cnico, el curso contribuye al desarrollo de habilidades como la concentraci\u00f3n, el autocontrol y la responsabilidad. El trabajo bajo el agua exige atenci\u00f3n, calma y capacidad de adaptaci\u00f3n, aspectos que se integran de manera natural en el proceso de aprendizaje.<\/p>\n<p data-start=\"1841\" data-end=\"2147\" style=\"text-align: left;\">El planteamiento\u00a0se alinea con el enfoque general del centro, en el que el aprendizaje se construye desde la experiencia. En este caso, el medio acu\u00e1tico se convierte en un espacio diferente en el que los alumnos experimentan, descubren y avanzan a su propio ritmo.<\/p>\n<p>&nbsp;<\/p>\n<p>[\/et_pb_blurb][\/et_pb_column][\/et_pb_row][\/et_pb_section]<\/p>\n","protected":false},"excerpt":{"rendered":"<p>\u00a0 \u00a0 \u00a0 \u00a0 \u00a0 Liceo Europeo y el PADI Career Development Center \u201cEscuela de Buceo Balkysub\u201d de Murcia, se han unido para crear la nueva Escuela de Buceo LiceoBalkysub, abierta a alumnos del colegio y su entorno y a cualquier persona que quiera sumergirse en el mundo del buceo recreativo PADI. Liceo Europeo ha elegido a Balkysub como partner por ser una de las Escuelas de Buceo de mayor prestigio con sedes en el Mar Menor, Mar Rojo, Maldivas y M\u00e9xico. La Escuela LiceoBalkysub fomenta la pr\u00e1ctica del deporte y el ocio, ofreciendo la m\u00e1xima garant\u00eda de calidad en el servicio y en la formaci\u00f3n como buceador recreativo PADI. Escuela de Buceo Liceo Europeo\u00a0 \u00a0 \u00a0 \u00a0 LiceoBalkysub &nbsp;<div class=\"et_pb_module dsm_icon_list dsm_icon_list_0\">\n\t\t\t\t\n\t\t\t\t\n\t\t\t\t\n\t\t\t\t\n\t\t\t\t\n\t\t\t\t\n\t\t\t\t<div class=\"et_pb_module_inner\">\n\t\t\t\t\t<ul class=\"dsm_icon_list_items dsm_icon_list_rtl_direction dsm_icon_list_layout_vertical\"><li class=\"dsm_icon_list_child dsm_icon_list_child_0\">\n\t\t\t\t\n\t\t\t\t\n\t\t\t\t\n\t\t\t\t\n\t\t\t\t<a href=\"https:\/\/liceo-europeo.es\/wp-content\/uploads\/2025\/07\/liceobalkysub_servicios.pdf\" target=\"_blank\"><span class=\"dsm_icon_list_wrapper\"><span class=\"dsm_icon_list_icon\">\ue092<\/span><\/span><span class=\"dsm_icon_list_text\">Servicios<\/span><\/a>\n\t\t\t<\/li><li class=\"dsm_icon_list_child dsm_icon_list_child_1\">\n\t\t\t\t\n\t\t\t\t\n\t\t\t\t\n\t\t\t\t\n\t\t\t\t<a href=\"https:\/\/liceo-europeo.es\/wp-content\/uploads\/2025\/07\/liceobalkysub_buceo.pdf\" target=\"_blank\"><span class=\"dsm_icon_list_wrapper\"><span class=\"dsm_icon_list_icon\">\ue092<\/span><\/span><span class=\"dsm_icon_list_text\">Salidas de buceo diarias<\/span><\/a>\n\t\t\t<\/li><li class=\"dsm_icon_list_child dsm_icon_list_child_2\">\n\t\t\t\t\n\t\t\t\t\n\t\t\t\t\n\t\t\t\t\n\t\t\t\t<a href=\"https:\/\/liceo-europeo.es\/wp-content\/uploads\/2025\/07\/liceobalkysub_cursos.pdf\" target=\"_blank\"><span class=\"dsm_icon_list_wrapper\"><span class=\"dsm_icon_list_icon\">\ue092<\/span><\/span><span class=\"dsm_icon_list_text\">Formaci\u00f3n PADI Buceador<\/span><\/a>\n\t\t\t<\/li><li class=\"dsm_icon_list_child dsm_icon_list_child_3\">\n\t\t\t\t\n\t\t\t\t\n\t\t\t\t\n\t\t\t\t\n\t\t\t\t<a href=\"https:\/\/liceo-europeo.es\/wp-content\/uploads\/2025\/07\/liceobalkysub_cursospro.pdf\" target=\"_blank\"><span class=\"dsm_icon_list_wrapper\"><span class=\"dsm_icon_list_icon\">\ue092<\/span><\/span><span class=\"dsm_icon_list_text\">Formaci\u00f3n PADI Profesional<\/span><\/a>\n\t\t\t<\/li><\/ul>\n\t\t\t\t<\/div>\n\t\t\t<\/div>\u00a0 \u00a0 \u00a0 \u00a0 La escuela [&hellip;]<\/p>\n","protected":false},"author":1,"featured_media":0,"parent":15037,"menu_order":0,"comment_status":"closed","ping_status":"closed","template":"","meta":{"_acf_changed":false,"_et_pb_use_builder":"on","_et_pb_old_content":"","_et_gb_content_width":"","_joinchat":[],"footnotes":""},"categories":[404],"tags":[],"class_list":["post-15053","page","type-page","status-publish","hentry","category-swim"],"acf":[],"yoast_head":"<!-- This site is optimized with the Yoast SEO plugin v27.5 - https:\/\/yoast.com\/product\/yoast-seo-wordpress\/ -->\n<title>Escuela de Buceo Liceo Europeo - Formaci\u00f3n PADI<\/title>\n<meta name=\"description\" content=\"Escuela de Buceo Liceo Europeo: cursos de buceo recreativo para alumnos y p\u00fablico general con formaci\u00f3n profesional. Ap\u00fantate ya.\" \/>\n<meta name=\"robots\" content=\"index, follow, max-snippet:-1, max-image-preview:large, max-video-preview:-1\" \/>\n<link rel=\"canonical\" href=\"https:\/\/liceo-europeo.es\/en\/liceosports\/swim-escuela-de-buceo\/\" \/>\n<meta property=\"og:locale\" content=\"en_US\" \/>\n<meta property=\"og:type\" content=\"article\" \/>\n<meta property=\"og:title\" content=\"Escuela de Buceo Liceo Europeo - Formaci\u00f3n PADI\" \/>\n<meta property=\"og:description\" content=\"Escuela de Buceo Liceo Europeo: cursos de buceo recreativo para alumnos y p\u00fablico general con formaci\u00f3n profesional. Ap\u00fantate ya.\" \/>\n<meta property=\"og:url\" content=\"https:\/\/liceo-europeo.es\/en\/liceosports\/swim-escuela-de-buceo\/\" \/>\n<meta property=\"og:site_name\" content=\"Colegio biling\u00fce privado en Madrid | Liceo Europeo\" \/>\n<meta property=\"article:publisher\" content=\"https:\/\/www.facebook.com\/liceoeuropeo\" \/>\n<meta property=\"article:modified_time\" content=\"2026-04-30T06:53:39+00:00\" \/>\n<meta name=\"twitter:card\" content=\"summary_large_image\" \/>\n<meta name=\"twitter:site\" content=\"@LiceoEuropeo\" \/>\n<meta name=\"twitter:label1\" content=\"Est. reading time\" \/>\n\t<meta name=\"twitter:data1\" content=\"2 minutes\" \/>\n<script type=\"application\/ld+json\" class=\"yoast-schema-graph\">{\"@context\":\"https:\\\/\\\/schema.org\",\"@graph\":[{\"@type\":\"WebPage\",\"@id\":\"https:\\\/\\\/liceo-europeo.es\\\/en\\\/liceosports\\\/swim-escuela-de-buceo\\\/\",\"url\":\"https:\\\/\\\/liceo-europeo.es\\\/en\\\/liceosports\\\/swim-escuela-de-buceo\\\/\",\"name\":\"Escuela de Buceo Liceo Europeo - Formaci\u00f3n PADI\",\"isPartOf\":{\"@id\":\"https:\\\/\\\/liceo-europeo.es\\\/en\\\/#website\"},\"datePublished\":\"2025-07-17T15:16:18+00:00\",\"dateModified\":\"2026-04-30T06:53:39+00:00\",\"description\":\"Escuela de Buceo Liceo Europeo: cursos de buceo recreativo para alumnos y p\u00fablico general con formaci\u00f3n profesional. Ap\u00fantate ya.\",\"breadcrumb\":{\"@id\":\"https:\\\/\\\/liceo-europeo.es\\\/en\\\/liceosports\\\/swim-escuela-de-buceo\\\/#breadcrumb\"},\"inLanguage\":\"en-US\",\"potentialAction\":[{\"@type\":\"ReadAction\",\"target\":[\"https:\\\/\\\/liceo-europeo.es\\\/en\\\/liceosports\\\/swim-escuela-de-buceo\\\/\"]}]},{\"@type\":\"BreadcrumbList\",\"@id\":\"https:\\\/\\\/liceo-europeo.es\\\/en\\\/liceosports\\\/swim-escuela-de-buceo\\\/#breadcrumb\",\"itemListElement\":[{\"@type\":\"ListItem\",\"position\":1,\"name\":\"Portada\",\"item\":\"https:\\\/\\\/liceo-europeo.es\\\/en\\\/\"},{\"@type\":\"ListItem\",\"position\":2,\"name\":\"Liceo Sports\",\"item\":\"https:\\\/\\\/liceo-europeo.es\\\/en\\\/liceosports\\\/\"},{\"@type\":\"ListItem\",\"position\":3,\"name\":\"Escuela de buceo\"}]},{\"@type\":\"WebSite\",\"@id\":\"https:\\\/\\\/liceo-europeo.es\\\/en\\\/#website\",\"url\":\"https:\\\/\\\/liceo-europeo.es\\\/en\\\/\",\"name\":\"Colegio biling\u00fce privado en Madrid | Liceo Europeo\",\"description\":\"\",\"publisher\":{\"@id\":\"https:\\\/\\\/liceo-europeo.es\\\/en\\\/#organization\"},\"potentialAction\":[{\"@type\":\"SearchAction\",\"target\":{\"@type\":\"EntryPoint\",\"urlTemplate\":\"https:\\\/\\\/liceo-europeo.es\\\/en\\\/?s={search_term_string}\"},\"query-input\":{\"@type\":\"PropertyValueSpecification\",\"valueRequired\":true,\"valueName\":\"search_term_string\"}}],\"inLanguage\":\"en-US\"},{\"@type\":\"Organization\",\"@id\":\"https:\\\/\\\/liceo-europeo.es\\\/en\\\/#organization\",\"name\":\"Colegio biling\u00fce privado en Madrid | Liceo Europeo\",\"url\":\"https:\\\/\\\/liceo-europeo.es\\\/en\\\/\",\"logo\":{\"@type\":\"ImageObject\",\"inLanguage\":\"en-US\",\"@id\":\"https:\\\/\\\/liceo-europeo.es\\\/en\\\/#\\\/schema\\\/logo\\\/image\\\/\",\"url\":\"https:\\\/\\\/liceo-europeo.es\\\/wp-content\\\/uploads\\\/2025\\\/02\\\/Logo_liceo_europeo.png\",\"contentUrl\":\"https:\\\/\\\/liceo-europeo.es\\\/wp-content\\\/uploads\\\/2025\\\/02\\\/Logo_liceo_europeo.png\",\"width\":805,\"height\":118,\"caption\":\"Colegio biling\u00fce privado en Madrid | Liceo Europeo\"},\"image\":{\"@id\":\"https:\\\/\\\/liceo-europeo.es\\\/en\\\/#\\\/schema\\\/logo\\\/image\\\/\"},\"sameAs\":[\"https:\\\/\\\/www.facebook.com\\\/liceoeuropeo\",\"https:\\\/\\\/x.com\\\/LiceoEuropeo\"]}]}<\/script>\n<!-- \/ Yoast SEO plugin. -->","yoast_head_json":{"title":"Escuela de Buceo Liceo Europeo - Formaci\u00f3n PADI","description":"Escuela de Buceo Liceo Europeo: cursos de buceo recreativo para alumnos y p\u00fablico general con formaci\u00f3n profesional. Ap\u00fantate ya.","robots":{"index":"index","follow":"follow","max-snippet":"max-snippet:-1","max-image-preview":"max-image-preview:large","max-video-preview":"max-video-preview:-1"},"canonical":"https:\/\/liceo-europeo.es\/en\/liceosports\/swim-escuela-de-buceo\/","og_locale":"en_US","og_type":"article","og_title":"Escuela de Buceo Liceo Europeo - Formaci\u00f3n PADI","og_description":"Escuela de Buceo Liceo Europeo: cursos de buceo recreativo para alumnos y p\u00fablico general con formaci\u00f3n profesional. Ap\u00fantate ya.","og_url":"https:\/\/liceo-europeo.es\/en\/liceosports\/swim-escuela-de-buceo\/","og_site_name":"Colegio biling\u00fce privado en Madrid | Liceo Europeo","article_publisher":"https:\/\/www.facebook.com\/liceoeuropeo","article_modified_time":"2026-04-30T06:53:39+00:00","twitter_card":"summary_large_image","twitter_site":"@LiceoEuropeo","twitter_misc":{"Est. reading time":"2 minutes"},"schema":{"@context":"https:\/\/schema.org","@graph":[{"@type":"WebPage","@id":"https:\/\/liceo-europeo.es\/en\/liceosports\/swim-escuela-de-buceo\/","url":"https:\/\/liceo-europeo.es\/en\/liceosports\/swim-escuela-de-buceo\/","name":"Escuela de Buceo Liceo Europeo - Formaci\u00f3n PADI","isPartOf":{"@id":"https:\/\/liceo-europeo.es\/en\/#website"},"datePublished":"2025-07-17T15:16:18+00:00","dateModified":"2026-04-30T06:53:39+00:00","description":"Escuela de Buceo Liceo Europeo: cursos de buceo recreativo para alumnos y p\u00fablico general con formaci\u00f3n profesional. Ap\u00fantate ya.","breadcrumb":{"@id":"https:\/\/liceo-europeo.es\/en\/liceosports\/swim-escuela-de-buceo\/#breadcrumb"},"inLanguage":"en-US","potentialAction":[{"@type":"ReadAction","target":["https:\/\/liceo-europeo.es\/en\/liceosports\/swim-escuela-de-buceo\/"]}]},{"@type":"BreadcrumbList","@id":"https:\/\/liceo-europeo.es\/en\/liceosports\/swim-escuela-de-buceo\/#breadcrumb","itemListElement":[{"@type":"ListItem","position":1,"name":"Portada","item":"https:\/\/liceo-europeo.es\/en\/"},{"@type":"ListItem","position":2,"name":"Liceo Sports","item":"https:\/\/liceo-europeo.es\/en\/liceosports\/"},{"@type":"ListItem","position":3,"name":"Escuela de buceo"}]},{"@type":"WebSite","@id":"https:\/\/liceo-europeo.es\/en\/#website","url":"https:\/\/liceo-europeo.es\/en\/","name":"Colegio biling\u00fce privado en Madrid | Liceo Europeo","description":"","publisher":{"@id":"https:\/\/liceo-europeo.es\/en\/#organization"},"potentialAction":[{"@type":"SearchAction","target":{"@type":"EntryPoint","urlTemplate":"https:\/\/liceo-europeo.es\/en\/?s={search_term_string}"},"query-input":{"@type":"PropertyValueSpecification","valueRequired":true,"valueName":"search_term_string"}}],"inLanguage":"en-US"},{"@type":"Organization","@id":"https:\/\/liceo-europeo.es\/en\/#organization","name":"Colegio biling\u00fce privado en Madrid | Liceo Europeo","url":"https:\/\/liceo-europeo.es\/en\/","logo":{"@type":"ImageObject","inLanguage":"en-US","@id":"https:\/\/liceo-europeo.es\/en\/#\/schema\/logo\/image\/","url":"https:\/\/liceo-europeo.es\/wp-content\/uploads\/2025\/02\/Logo_liceo_europeo.png","contentUrl":"https:\/\/liceo-europeo.es\/wp-content\/uploads\/2025\/02\/Logo_liceo_europeo.png","width":805,"height":118,"caption":"Colegio biling\u00fce privado en Madrid | Liceo Europeo"},"image":{"@id":"https:\/\/liceo-europeo.es\/en\/#\/schema\/logo\/image\/"},"sameAs":["https:\/\/www.facebook.com\/liceoeuropeo","https:\/\/x.com\/LiceoEuropeo"]}]}},"_links":{"self":[{"href":"https:\/\/liceo-europeo.es\/en\/wp-json\/wp\/v2\/pages\/15053","targetHints":{"allow":["GET"]}}],"collection":[{"href":"https:\/\/liceo-europeo.es\/en\/wp-json\/wp\/v2\/pages"}],"about":[{"href":"https:\/\/liceo-europeo.es\/en\/wp-json\/wp\/v2\/types\/page"}],"author":[{"embeddable":true,"href":"https:\/\/liceo-europeo.es\/en\/wp-json\/wp\/v2\/users\/1"}],"replies":[{"embeddable":true,"href":"https:\/\/liceo-europeo.es\/en\/wp-json\/wp\/v2\/comments?post=15053"}],"version-history":[{"count":9,"href":"https:\/\/liceo-europeo.es\/en\/wp-json\/wp\/v2\/pages\/15053\/revisions"}],"predecessor-version":[{"id":17735,"href":"https:\/\/liceo-europeo.es\/en\/wp-json\/wp\/v2\/pages\/15053\/revisions\/17735"}],"up":[{"embeddable":true,"href":"https:\/\/liceo-europeo.es\/en\/wp-json\/wp\/v2\/pages\/15037"}],"wp:attachment":[{"href":"https:\/\/liceo-europeo.es\/en\/wp-json\/wp\/v2\/media?parent=15053"}],"wp:term":[{"taxonomy":"category","embeddable":true,"href":"https:\/\/liceo-europeo.es\/en\/wp-json\/wp\/v2\/categories?post=15053"},{"taxonomy":"post_tag","embeddable":true,"href":"https:\/\/liceo-europeo.es\/en\/wp-json\/wp\/v2\/tags?post=15053"}],"curies":[{"name":"wp","href":"https:\/\/api.w.org\/{rel}","templated":true}]}}