{"id":10543,"date":"2025-03-16T22:11:07","date_gmt":"2025-03-16T21:11:07","guid":{"rendered":"https:\/\/liceo-europeo.es\/?page_id=10543"},"modified":"2026-01-29T16:24:18","modified_gmt":"2026-01-29T15:24:18","slug":"virtual-tour-liceo-europeo","status":"publish","type":"page","link":"https:\/\/liceo-europeo.es\/en\/virtual-tour-liceo-europeo\/","title":{"rendered":"Virtual tour Liceo Europeo"},"content":{"rendered":"<p>[et_pb_section fb_built=&#8221;1&#8243; admin_label=&#8221;Events&#8221; _builder_version=&#8221;4.27.4&#8243; _module_preset=&#8221;default&#8221; use_background_color_gradient=&#8221;on&#8221; background_color_gradient_direction=&#8221;90deg&#8221; background_color_gradient_stops=&#8221;#f5f0eb 0%|#fbf7f4 72%|#ffffff 72%&#8221; background_color_gradient_start=&#8221;#f5f0eb&#8221; background_color_gradient_start_position=&#8221;82%&#8221; background_color_gradient_end=&#8221;#ffffff&#8221; background_color_gradient_end_position=&#8221;82%&#8221; background_image=&#8221;https:\/\/liceo-europeo.es\/wp-content\/uploads\/2025\/02\/high-school_40.png&#8221; background_size=&#8221;initial&#8221; background_position=&#8221;top_left&#8221; background_repeat=&#8221;repeat-x&#8221; locked=&#8221;off&#8221; global_colors_info=&#8221;{}&#8221;][et_pb_row _builder_version=&#8221;4.16&#8243; _module_preset=&#8221;default&#8221; global_colors_info=&#8221;{}&#8221;][et_pb_column type=&#8221;4_4&#8243; _builder_version=&#8221;4.16&#8243; _module_preset=&#8221;default&#8221; global_colors_info=&#8221;{}&#8221;][et_pb_text _builder_version=&#8221;4.27.5&#8243; _module_preset=&#8221;003e9429-8e11-4d9e-968b-8881092bbf81&#8243; header_text_align=&#8221;left&#8221; header_2_font=&#8221;&#8211;et_global_heading_font|500|||||||&#8221; header_2_text_align=&#8221;left&#8221; header_2_text_color=&#8221;#2D3A44&#8243; header_2_font_size=&#8221;60px&#8221; header_2_line_height=&#8221;1.2em&#8221; custom_margin=&#8221;120px||-1px|||&#8221; hover_enabled=&#8221;0&#8243; header_2_font_size_tablet=&#8221;30px&#8221; header_2_font_size_phone=&#8221;20px&#8221; header_2_font_size_last_edited=&#8221;on|desktop&#8221; locked=&#8221;off&#8221; global_colors_info=&#8221;{}&#8221; sticky_enabled=&#8221;0&#8243;]<\/p>\n<h1>virtual tour<\/h1>\n<p>[\/et_pb_text][et_pb_text _builder_version=&#8221;4.27.5&#8243; _module_preset=&#8221;003e9429-8e11-4d9e-968b-8881092bbf81&#8243; text_font=&#8221;&#8211;et_global_body_font||||||||&#8221; header_text_align=&#8221;left&#8221; header_2_font=&#8221;&#8211;et_global_heading_font|500|||||||&#8221; header_2_text_align=&#8221;left&#8221; header_2_text_color=&#8221;#2D3A44&#8243; header_2_font_size=&#8221;60px&#8221; header_2_line_height=&#8221;1.2em&#8221; hover_enabled=&#8221;0&#8243; header_2_font_size_tablet=&#8221;30px&#8221; header_2_font_size_phone=&#8221;20px&#8221; header_2_font_size_last_edited=&#8221;on|desktop&#8221; locked=&#8221;off&#8221; global_colors_info=&#8221;{}&#8221; sticky_enabled=&#8221;0&#8243;]<\/p>\n<p><em>Discover our facilities.<\/em><\/p>\n<p>[\/et_pb_text][\/et_pb_column][\/et_pb_row][et_pb_row use_custom_gutter=&#8221;on&#8221; gutter_width=&#8221;1&#8243; _builder_version=&#8221;4.27.4&#8243; _module_preset=&#8221;default&#8221; width=&#8221;100%&#8221; max_width=&#8221;2560px&#8221; global_colors_info=&#8221;{}&#8221;][et_pb_column type=&#8221;4_4&#8243; _builder_version=&#8221;4.27.4&#8243; _module_preset=&#8221;default&#8221; global_colors_info=&#8221;{}&#8221;][et_pb_text _builder_version=&#8221;4.27.4&#8243; _module_preset=&#8221;default&#8221; global_colors_info=&#8221;{}&#8221;]<\/p>\n<div style=\"position: relative !important; padding-bottom: 56.25% !important; height: 0px !important; overflow: hidden !important; max-width: 100% !important;\"><iframe src=\"https:\/\/player.hihaho.com\/embed\/05209d78-76ef-4ae3-9508-5fd974bc3733\" frameborder=\"0\" webkitallowfullscreen=\"true\" mozallowfullscreen=\"true\" allowfullscreen=\"true\" style=\"position: absolute !important; top: 0px !important; left: 0px !important; width: 100% !important; height: 100% !important;\"><\/iframe><\/div>\n<p>[\/et_pb_text][\/et_pb_column][\/et_pb_row][\/et_pb_section][et_pb_section fb_built=&#8221;1&#8243; _builder_version=&#8221;4.27.4&#8243; _module_preset=&#8221;default&#8221; background_color=&#8221;#FFFFFF&#8221; width=&#8221;100%&#8221; max_width=&#8221;100%&#8221; custom_margin=&#8221;0px||-30px||false|false&#8221; custom_padding=&#8221;0px||0px||false|false&#8221; global_colors_info=&#8221;{}&#8221;][et_pb_row make_equal=&#8221;on&#8221; _builder_version=&#8221;4.27.4&#8243; _module_preset=&#8221;default&#8221; width=&#8221;100%&#8221; max_width=&#8221;2560px&#8221; custom_margin=&#8221;||0px||false|false&#8221; custom_padding=&#8221;0px||0px||false|false&#8221; filter_saturate=&#8221;0%&#8221; filter_brightness=&#8221;83%&#8221; global_colors_info=&#8221;{}&#8221;][et_pb_column type=&#8221;4_4&#8243; _builder_version=&#8221;4.27.4&#8243; _module_preset=&#8221;default&#8221; global_colors_info=&#8221;{}&#8221;][dsm_embed_google_map address=&#8221;C\/ Camino Sur, 10-12, La Moraleja, 28109, Madrid.&#8221; zoom=&#8221;15&#8243; _builder_version=&#8221;4.27.4&#8243; _module_preset=&#8221;default&#8221; width=&#8221;100%&#8221; custom_margin=&#8221;0px||||false|false&#8221; custom_padding=&#8221;0px||||false|false&#8221; filter_saturate=&#8221;0%&#8221; filter_contrast=&#8221;103%&#8221; filter_sepia=&#8221;16%&#8221; global_colors_info=&#8221;{}&#8221;][\/dsm_embed_google_map][\/et_pb_column][\/et_pb_row][et_pb_row column_structure=&#8221;1_4,1_4,1_4,1_4&#8243; use_custom_gutter=&#8221;on&#8221; gutter_width=&#8221;1&#8243; make_equal=&#8221;on&#8221; _builder_version=&#8221;4.27.4&#8243; _module_preset=&#8221;default&#8221; custom_margin=&#8221;-90px||||false|false&#8221; custom_padding=&#8221;0px||||false|false&#8221; global_colors_info=&#8221;{}&#8221;][et_pb_column type=&#8221;1_4&#8243; _builder_version=&#8221;4.27.4&#8243; _module_preset=&#8221;default&#8221; background_color=&#8221;#2D3A44&#8243; background_image=&#8221;https:\/\/liceo-europeo.es\/wp-content\/uploads\/2025\/02\/high-school_17.png&#8221; background_size=&#8221;initial&#8221; background_position=&#8221;top_right&#8221; background_repeat=&#8221;repeat-y&#8221; background_blend=&#8221;soft-light&#8221; custom_padding=&#8221;40px|40px|40px|20px|true|false&#8221; custom_padding_tablet=&#8221;40px||40px||true|false&#8221; custom_padding_phone=&#8221;30px|20px|30px|20px|true|true&#8221; custom_padding_last_edited=&#8221;off|desktop&#8221; global_colors_info=&#8221;{}&#8221;][et_pb_text _builder_version=&#8221;4.27.4&#8243; _module_preset=&#8221;2a6aa4e3-4274-43a5-b9e8-7b109a3ccb63&#8243; header_4_font=&#8221;Avenir Black|700||on|||||&#8221; header_4_text_color=&#8221;rgba(255,255,255,0.5)&#8221; header_4_font_size=&#8221;14px&#8221; header_4_letter_spacing=&#8221;1px&#8221; header_4_line_height=&#8221;1.5em&#8221; custom_margin=&#8221;||0px||false|false&#8221; custom_margin_tablet=&#8221;30px||||false|false&#8221; custom_margin_phone=&#8221;20px||||false|false&#8221; custom_margin_last_edited=&#8221;off|desktop&#8221; locked=&#8221;off&#8221; global_colors_info=&#8221;{}&#8221;]<\/p>\n<h4>Horario<\/h4>\n<p>[\/et_pb_text][et_pb_text _builder_version=&#8221;4.27.4&#8243; _module_preset=&#8221;2a6aa4e3-4274-43a5-b9e8-7b109a3ccb63&#8243; text_font=&#8221;Avenir Light|500|||||||&#8221; text_text_color=&#8221;#FFFFFF&#8221; text_font_size=&#8221;15px&#8221; text_line_height=&#8221;1.6em&#8221; header_5_text_color=&#8221;#FFFFFF&#8221; header_5_line_height=&#8221;1.8em&#8221; text_font_size_tablet=&#8221;15px&#8221; text_font_size_phone=&#8221;14px&#8221; text_font_size_last_edited=&#8221;on|desktop&#8221; header_font_size_tablet=&#8221;55px&#8221; header_font_size_last_edited=&#8221;off|desktop&#8221; locked=&#8221;off&#8221; global_colors_info=&#8221;{}&#8221;]<\/p>\n<p>Lunes a viernes<br \/>7:30 a 18:00<\/p>\n<p>[\/et_pb_text][\/et_pb_column][et_pb_column type=&#8221;1_4&#8243; _builder_version=&#8221;4.27.4&#8243; _module_preset=&#8221;default&#8221; background_color=&#8221;#414F5A&#8221; background_image=&#8221;https:\/\/liceo-europeo.es\/wp-content\/uploads\/2025\/02\/high-school_17.png&#8221; background_size=&#8221;initial&#8221; background_position=&#8221;top_right&#8221; background_repeat=&#8221;repeat-y&#8221; background_blend=&#8221;soft-light&#8221; custom_padding=&#8221;40px|40px|40px|20px|true|false&#8221; global_colors_info=&#8221;{}&#8221;][et_pb_text _builder_version=&#8221;4.27.4&#8243; _module_preset=&#8221;2a6aa4e3-4274-43a5-b9e8-7b109a3ccb63&#8243; header_4_font=&#8221;Avenir Black|700||on|||||&#8221; header_4_text_color=&#8221;rgba(255,255,255,0.5)&#8221; header_4_font_size=&#8221;14px&#8221; header_4_letter_spacing=&#8221;1px&#8221; header_4_line_height=&#8221;1.5em&#8221; custom_margin=&#8221;||0px||false|false&#8221; locked=&#8221;off&#8221; global_colors_info=&#8221;{}&#8221;]<\/p>\n<h4>Direcci\u00f3n<\/h4>\n<p>[\/et_pb_text][et_pb_text _builder_version=&#8221;4.27.4&#8243; _module_preset=&#8221;2a6aa4e3-4274-43a5-b9e8-7b109a3ccb63&#8243; text_font=&#8221;Avenir Light|500|||||||&#8221; text_text_color=&#8221;#FFFFFF&#8221; text_font_size=&#8221;15px&#8221; text_line_height=&#8221;1.6em&#8221; header_5_text_color=&#8221;#FFFFFF&#8221; header_5_line_height=&#8221;1.8em&#8221; text_font_size_tablet=&#8221;15px&#8221; text_font_size_phone=&#8221;14px&#8221; text_font_size_last_edited=&#8221;on|desktop&#8221; locked=&#8221;off&#8221; global_colors_info=&#8221;{}&#8221;]<\/p>\n<p>C\/ Camino Sur, 10-12, La Moraleja, 28109, Madrid<\/p>\n<p>[\/et_pb_text][\/et_pb_column][et_pb_column type=&#8221;1_4&#8243; _builder_version=&#8221;4.27.4&#8243; _module_preset=&#8221;default&#8221; background_color=&#8221;#FFA626&#8243; background_image=&#8221;https:\/\/liceo-europeo.es\/wp-content\/uploads\/2025\/02\/high-school_17.png&#8221; background_size=&#8221;initial&#8221; background_position=&#8221;top_right&#8221; background_repeat=&#8221;repeat-y&#8221; background_blend=&#8221;lighten&#8221; custom_padding=&#8221;40px|40px|40px|20px|true|false&#8221; global_colors_info=&#8221;{}&#8221;][et_pb_text _builder_version=&#8221;4.16&#8243; _module_preset=&#8221;2a6aa4e3-4274-43a5-b9e8-7b109a3ccb63&#8243; header_4_font=&#8221;Avenir Black|700||on|||||&#8221; header_4_text_color=&#8221;rgba(255,255,255,0.5)&#8221; header_4_font_size=&#8221;14px&#8221; header_4_letter_spacing=&#8221;1px&#8221; header_4_line_height=&#8221;1.5em&#8221; custom_margin=&#8221;||0px||false|false&#8221; locked=&#8221;off&#8221; global_colors_info=&#8221;{}&#8221;]<\/p>\n<h4>Email<\/h4>\n<p>[\/et_pb_text][et_pb_text _builder_version=&#8221;4.27.4&#8243; _module_preset=&#8221;2a6aa4e3-4274-43a5-b9e8-7b109a3ccb63&#8243; text_font=&#8221;Avenir Light|500|||||||&#8221; text_text_color=&#8221;#FFFFFF&#8221; text_font_size=&#8221;15px&#8221; text_line_height=&#8221;1.6em&#8221; header_5_text_color=&#8221;#FFFFFF&#8221; header_5_line_height=&#8221;1.8em&#8221; text_font_size_tablet=&#8221;15px&#8221; text_font_size_phone=&#8221;14px&#8221; text_font_size_last_edited=&#8221;on|desktop&#8221; locked=&#8221;off&#8221; global_colors_info=&#8221;{}&#8221;]<\/p>\n<p>liceoeuropeo@liceo-europeo.es<\/p>\n<p>[\/et_pb_text][\/et_pb_column][et_pb_column type=&#8221;1_4&#8243; _builder_version=&#8221;4.27.4&#8243; _module_preset=&#8221;default&#8221; background_color=&#8221;#ffb959&#8243; background_image=&#8221;https:\/\/liceo-europeo.es\/wp-content\/uploads\/2025\/02\/high-school_17.png&#8221; background_size=&#8221;initial&#8221; background_position=&#8221;top_right&#8221; background_repeat=&#8221;repeat-y&#8221; background_blend=&#8221;soft-light&#8221; custom_padding=&#8221;40px|40px|40px|20px|true|false&#8221; global_colors_info=&#8221;{}&#8221;][et_pb_text _builder_version=&#8221;4.27.4&#8243; _module_preset=&#8221;2a6aa4e3-4274-43a5-b9e8-7b109a3ccb63&#8243; header_4_font=&#8221;Avenir Black|700||on|||||&#8221; header_4_text_color=&#8221;rgba(255,255,255,0.5)&#8221; header_4_font_size=&#8221;14px&#8221; header_4_letter_spacing=&#8221;1px&#8221; header_4_line_height=&#8221;1.5em&#8221; custom_margin=&#8221;||0px||false|false&#8221; locked=&#8221;off&#8221; global_colors_info=&#8221;{}&#8221;]<\/p>\n<h4>Tel\u00e9fono<\/h4>\n<p>[\/et_pb_text][et_pb_text _builder_version=&#8221;4.27.4&#8243; _module_preset=&#8221;2a6aa4e3-4274-43a5-b9e8-7b109a3ccb63&#8243; text_font=&#8221;Avenir Light|500|||||||&#8221; text_text_color=&#8221;#FFFFFF&#8221; text_font_size=&#8221;15px&#8221; text_line_height=&#8221;1.6em&#8221; header_5_text_color=&#8221;#FFFFFF&#8221; header_5_line_height=&#8221;1.8em&#8221; text_font_size_tablet=&#8221;15px&#8221; text_font_size_phone=&#8221;14px&#8221; text_font_size_last_edited=&#8221;on|desktop&#8221; locked=&#8221;off&#8221; global_colors_info=&#8221;{}&#8221;]<\/p>\n<p>+34 91 650 00 00<\/p>\n<p>[\/et_pb_text][\/et_pb_column][\/et_pb_row][et_pb_row column_structure=&#8221;1_4,1_4,1_4,1_4&#8243; _builder_version=&#8221;4.16&#8243; _module_preset=&#8221;default&#8221; global_colors_info=&#8221;{}&#8221;][et_pb_column type=&#8221;1_4&#8243; _builder_version=&#8221;4.16&#8243; _module_preset=&#8221;default&#8221; global_colors_info=&#8221;{}&#8221;][et_pb_image src=&#8221;https:\/\/liceo-europeo.es\/wp-content\/uploads\/2025\/02\/Logo_liceo_europeo.png&#8221; alt=&#8221;Logo liceo europeo&#8221; title_text=&#8221;Logo_liceo_europeo&#8221; _builder_version=&#8221;4.27.4&#8243; _module_preset=&#8221;default&#8221; global_colors_info=&#8221;{}&#8221;][\/et_pb_image][\/et_pb_column][et_pb_column type=&#8221;1_4&#8243; _builder_version=&#8221;4.16&#8243; _module_preset=&#8221;default&#8221; global_colors_info=&#8221;{}&#8221;][et_pb_text _builder_version=&#8221;4.27.4&#8243; _module_preset=&#8221;2a6aa4e3-4274-43a5-b9e8-7b109a3ccb63&#8243; text_font=&#8221;Avenir Roman||||||||&#8221; header_4_font=&#8221;&#8211;et_global_body_font|700||on|||||&#8221; header_4_text_color=&#8221;#000000&#8243; header_4_font_size=&#8221;16px&#8221; header_4_letter_spacing=&#8221;1px&#8221; header_4_line_height=&#8221;1.5em&#8221; header_5_text_color=&#8221;#FFFFFF&#8221; custom_margin=&#8221;||0px||false|false&#8221; locked=&#8221;off&#8221; global_colors_info=&#8221;{}&#8221;]<\/p>\n<h4>Informaci\u00f3n<\/h4>\n<p>[\/et_pb_text][et_pb_menu menu_id=&#8221;266&#8243; module_class=&#8221;pa-open-mobile-menu&#8221; _builder_version=&#8221;4.27.4&#8243; _module_preset=&#8221;default&#8221; custom_css_free_form=&#8221;#menu-footer-informacion-es li{||  width:100%;||}&#8221; global_colors_info=&#8221;{}&#8221;][\/et_pb_menu][\/et_pb_column][et_pb_column type=&#8221;1_4&#8243; _builder_version=&#8221;4.16&#8243; _module_preset=&#8221;default&#8221; global_colors_info=&#8221;{}&#8221;][et_pb_text _builder_version=&#8221;4.27.4&#8243; _module_preset=&#8221;2a6aa4e3-4274-43a5-b9e8-7b109a3ccb63&#8243; text_font=&#8221;Avenir Roman||||||||&#8221; header_4_font=&#8221;&#8211;et_global_body_font|700||on|||||&#8221; header_4_text_color=&#8221;#000000&#8243; header_4_font_size=&#8221;16px&#8221; header_4_letter_spacing=&#8221;1px&#8221; header_4_line_height=&#8221;1.5em&#8221; header_5_text_color=&#8221;#FFFFFF&#8221; custom_margin=&#8221;||0px||false|false&#8221; locked=&#8221;off&#8221; global_colors_info=&#8221;{}&#8221;]<\/p>\n<h4>Legales<\/h4>\n<p>[\/et_pb_text][et_pb_menu menu_id=&#8221;268&#8243; module_class=&#8221;pa-open-mobile-menu&#8221; _builder_version=&#8221;4.27.4&#8243; _module_preset=&#8221;default&#8221; custom_css_free_form=&#8221;#menu-footer-legal-es li{||  width:100%;||}&#8221; global_colors_info=&#8221;{}&#8221;][\/et_pb_menu][\/et_pb_column][et_pb_column type=&#8221;1_4&#8243; _builder_version=&#8221;4.16&#8243; _module_preset=&#8221;default&#8221; global_colors_info=&#8221;{}&#8221;][et_pb_text _builder_version=&#8221;4.27.4&#8243; _module_preset=&#8221;2a6aa4e3-4274-43a5-b9e8-7b109a3ccb63&#8243; text_font=&#8221;Avenir Roman||||||||&#8221; header_4_font=&#8221;&#8211;et_global_body_font|700||on|||||&#8221; header_4_text_color=&#8221;#000000&#8243; header_4_font_size=&#8221;16px&#8221; header_4_letter_spacing=&#8221;1px&#8221; header_4_line_height=&#8221;1.5em&#8221; header_5_text_color=&#8221;#FFFFFF&#8221; custom_margin=&#8221;||0px||false|false&#8221; locked=&#8221;off&#8221; global_colors_info=&#8221;{}&#8221;]<\/p>\n<h4>Enlaces de inter\u00e9s<\/h4>\n<p>[\/et_pb_text][et_pb_menu menu_id=&#8221;270&#8243; module_class=&#8221;pa-open-mobile-menu&#8221; _builder_version=&#8221;4.27.4&#8243; _module_preset=&#8221;default&#8221; custom_css_free_form=&#8221;#menu-links-es li{||  width:100%;||}&#8221; global_colors_info=&#8221;{}&#8221;][\/et_pb_menu][\/et_pb_column][\/et_pb_row][\/et_pb_section]<\/p>\n","protected":false},"excerpt":{"rendered":"<p>virtual tourDiscover our facilities.<div class=\"et_pb_module dsm_embed_google_map dsm_embed_google_map_0\">\n\t\t\t\t\n\t\t\t\t\n\t\t\t\t\n\t\t\t\t\n\t\t\t\t\n\t\t\t\t\n\t\t\t\t<div class=\"et_pb_module_inner\">\n\t\t\t\t\t<iframe loading=\"lazy\" frameborder=\"0\" scrolling=\"no\" marginheight=\"0\" marginwidth=\"0\" referrerPolicy=\"no-referrer-when-downgrade\" src=\"https:\/\/maps.google.com\/maps?q=C%2F%20Camino%20Sur%2C%2010-12%2C%20La%20Moraleja%2C%2028109%2C%20Madrid.&amp;t=m&amp;z=15&amp;output=embed&amp;iwloc=near&hl=en_US\" aria-label=\"C\/ Camino Sur, 10-12, La Moraleja, 28109, Madrid.\"><\/iframe>\n\t\t\t\t<\/div>\n\t\t\t<\/div>HorarioLunes a viernes7:30 a 18:00Direcci\u00f3nC\/ Camino Sur, 10-12, La Moraleja, 28109, MadridEmailliceoeuropeo@liceo-europeo.esTel\u00e9fono+34 91 650 00 00Informaci\u00f3nLegalesEnlaces de inter\u00e9s<\/p>\n","protected":false},"author":1,"featured_media":0,"parent":0,"menu_order":0,"comment_status":"closed","ping_status":"closed","template":"","meta":{"_acf_changed":false,"_et_pb_use_builder":"on","_et_pb_old_content":"","_et_gb_content_width":"","_joinchat":[],"footnotes":""},"categories":[],"tags":[],"class_list":["post-10543","page","type-page","status-publish","hentry"],"acf":[],"yoast_head":"<!-- This site is optimized with the Yoast SEO plugin v27.4 - https:\/\/yoast.com\/product\/yoast-seo-wordpress\/ -->\n<title>Virtual Tour - Colegio biling\u00fce privado en Madrid | Liceo Europeo<\/title>\n<meta name=\"description\" content=\"Explore our Liceo Europeo through an interactive virtual tour and discover our state-of-the-art facilities and academic programs.\" \/>\n<meta name=\"robots\" content=\"index, follow, max-snippet:-1, max-image-preview:large, max-video-preview:-1\" \/>\n<link rel=\"canonical\" href=\"https:\/\/liceo-europeo.es\/en\/virtual-tour-liceo-europeo\/\" \/>\n<meta property=\"og:locale\" content=\"en_US\" \/>\n<meta property=\"og:type\" content=\"article\" \/>\n<meta property=\"og:title\" content=\"Virtual Tour - Colegio biling\u00fce privado en Madrid | Liceo Europeo\" \/>\n<meta property=\"og:description\" content=\"Explore our Liceo Europeo through an interactive virtual tour and discover our state-of-the-art facilities and academic programs.\" \/>\n<meta property=\"og:url\" content=\"https:\/\/liceo-europeo.es\/en\/virtual-tour-liceo-europeo\/\" \/>\n<meta property=\"og:site_name\" content=\"Colegio biling\u00fce privado en Madrid | Liceo Europeo\" \/>\n<meta property=\"article:publisher\" content=\"https:\/\/www.facebook.com\/liceoeuropeo\" \/>\n<meta property=\"article:modified_time\" content=\"2026-01-29T15:24:18+00:00\" \/>\n<meta name=\"twitter:card\" content=\"summary_large_image\" \/>\n<meta name=\"twitter:site\" content=\"@LiceoEuropeo\" \/>\n<meta name=\"twitter:label1\" content=\"Est. reading time\" \/>\n\t<meta name=\"twitter:data1\" content=\"4 minutes\" \/>\n<script type=\"application\/ld+json\" class=\"yoast-schema-graph\">{\"@context\":\"https:\\\/\\\/schema.org\",\"@graph\":[{\"@type\":\"WebPage\",\"@id\":\"https:\\\/\\\/liceo-europeo.es\\\/en\\\/virtual-tour-liceo-europeo\\\/\",\"url\":\"https:\\\/\\\/liceo-europeo.es\\\/en\\\/virtual-tour-liceo-europeo\\\/\",\"name\":\"Virtual Tour - Colegio biling\u00fce privado en Madrid | Liceo Europeo\",\"isPartOf\":{\"@id\":\"https:\\\/\\\/liceo-europeo.es\\\/en\\\/#website\"},\"datePublished\":\"2025-03-16T21:11:07+00:00\",\"dateModified\":\"2026-01-29T15:24:18+00:00\",\"description\":\"Explore our Liceo Europeo through an interactive virtual tour and discover our state-of-the-art facilities and academic programs.\",\"breadcrumb\":{\"@id\":\"https:\\\/\\\/liceo-europeo.es\\\/en\\\/virtual-tour-liceo-europeo\\\/#breadcrumb\"},\"inLanguage\":\"en-US\",\"potentialAction\":[{\"@type\":\"ReadAction\",\"target\":[\"https:\\\/\\\/liceo-europeo.es\\\/en\\\/virtual-tour-liceo-europeo\\\/\"]}]},{\"@type\":\"BreadcrumbList\",\"@id\":\"https:\\\/\\\/liceo-europeo.es\\\/en\\\/virtual-tour-liceo-europeo\\\/#breadcrumb\",\"itemListElement\":[{\"@type\":\"ListItem\",\"position\":1,\"name\":\"Portada\",\"item\":\"https:\\\/\\\/liceo-europeo.es\\\/en\\\/\"},{\"@type\":\"ListItem\",\"position\":2,\"name\":\"Virtual tour Liceo Europeo\"}]},{\"@type\":\"WebSite\",\"@id\":\"https:\\\/\\\/liceo-europeo.es\\\/en\\\/#website\",\"url\":\"https:\\\/\\\/liceo-europeo.es\\\/en\\\/\",\"name\":\"Colegio biling\u00fce privado en Madrid | Liceo Europeo\",\"description\":\"\",\"publisher\":{\"@id\":\"https:\\\/\\\/liceo-europeo.es\\\/en\\\/#organization\"},\"potentialAction\":[{\"@type\":\"SearchAction\",\"target\":{\"@type\":\"EntryPoint\",\"urlTemplate\":\"https:\\\/\\\/liceo-europeo.es\\\/en\\\/?s={search_term_string}\"},\"query-input\":{\"@type\":\"PropertyValueSpecification\",\"valueRequired\":true,\"valueName\":\"search_term_string\"}}],\"inLanguage\":\"en-US\"},{\"@type\":\"Organization\",\"@id\":\"https:\\\/\\\/liceo-europeo.es\\\/en\\\/#organization\",\"name\":\"Colegio biling\u00fce privado en Madrid | Liceo Europeo\",\"url\":\"https:\\\/\\\/liceo-europeo.es\\\/en\\\/\",\"logo\":{\"@type\":\"ImageObject\",\"inLanguage\":\"en-US\",\"@id\":\"https:\\\/\\\/liceo-europeo.es\\\/en\\\/#\\\/schema\\\/logo\\\/image\\\/\",\"url\":\"https:\\\/\\\/liceo-europeo.es\\\/wp-content\\\/uploads\\\/2025\\\/02\\\/Logo_liceo_europeo.png\",\"contentUrl\":\"https:\\\/\\\/liceo-europeo.es\\\/wp-content\\\/uploads\\\/2025\\\/02\\\/Logo_liceo_europeo.png\",\"width\":805,\"height\":118,\"caption\":\"Colegio biling\u00fce privado en Madrid | Liceo Europeo\"},\"image\":{\"@id\":\"https:\\\/\\\/liceo-europeo.es\\\/en\\\/#\\\/schema\\\/logo\\\/image\\\/\"},\"sameAs\":[\"https:\\\/\\\/www.facebook.com\\\/liceoeuropeo\",\"https:\\\/\\\/x.com\\\/LiceoEuropeo\"]}]}<\/script>\n<!-- \/ Yoast SEO plugin. -->","yoast_head_json":{"title":"Virtual Tour - Colegio biling\u00fce privado en Madrid | Liceo Europeo","description":"Explore our Liceo Europeo through an interactive virtual tour and discover our state-of-the-art facilities and academic programs.","robots":{"index":"index","follow":"follow","max-snippet":"max-snippet:-1","max-image-preview":"max-image-preview:large","max-video-preview":"max-video-preview:-1"},"canonical":"https:\/\/liceo-europeo.es\/en\/virtual-tour-liceo-europeo\/","og_locale":"en_US","og_type":"article","og_title":"Virtual Tour - Colegio biling\u00fce privado en Madrid | Liceo Europeo","og_description":"Explore our Liceo Europeo through an interactive virtual tour and discover our state-of-the-art facilities and academic programs.","og_url":"https:\/\/liceo-europeo.es\/en\/virtual-tour-liceo-europeo\/","og_site_name":"Colegio biling\u00fce privado en Madrid | Liceo Europeo","article_publisher":"https:\/\/www.facebook.com\/liceoeuropeo","article_modified_time":"2026-01-29T15:24:18+00:00","twitter_card":"summary_large_image","twitter_site":"@LiceoEuropeo","twitter_misc":{"Est. reading time":"4 minutes"},"schema":{"@context":"https:\/\/schema.org","@graph":[{"@type":"WebPage","@id":"https:\/\/liceo-europeo.es\/en\/virtual-tour-liceo-europeo\/","url":"https:\/\/liceo-europeo.es\/en\/virtual-tour-liceo-europeo\/","name":"Virtual Tour - Colegio biling\u00fce privado en Madrid | Liceo Europeo","isPartOf":{"@id":"https:\/\/liceo-europeo.es\/en\/#website"},"datePublished":"2025-03-16T21:11:07+00:00","dateModified":"2026-01-29T15:24:18+00:00","description":"Explore our Liceo Europeo through an interactive virtual tour and discover our state-of-the-art facilities and academic programs.","breadcrumb":{"@id":"https:\/\/liceo-europeo.es\/en\/virtual-tour-liceo-europeo\/#breadcrumb"},"inLanguage":"en-US","potentialAction":[{"@type":"ReadAction","target":["https:\/\/liceo-europeo.es\/en\/virtual-tour-liceo-europeo\/"]}]},{"@type":"BreadcrumbList","@id":"https:\/\/liceo-europeo.es\/en\/virtual-tour-liceo-europeo\/#breadcrumb","itemListElement":[{"@type":"ListItem","position":1,"name":"Portada","item":"https:\/\/liceo-europeo.es\/en\/"},{"@type":"ListItem","position":2,"name":"Virtual tour Liceo Europeo"}]},{"@type":"WebSite","@id":"https:\/\/liceo-europeo.es\/en\/#website","url":"https:\/\/liceo-europeo.es\/en\/","name":"Colegio biling\u00fce privado en Madrid | Liceo Europeo","description":"","publisher":{"@id":"https:\/\/liceo-europeo.es\/en\/#organization"},"potentialAction":[{"@type":"SearchAction","target":{"@type":"EntryPoint","urlTemplate":"https:\/\/liceo-europeo.es\/en\/?s={search_term_string}"},"query-input":{"@type":"PropertyValueSpecification","valueRequired":true,"valueName":"search_term_string"}}],"inLanguage":"en-US"},{"@type":"Organization","@id":"https:\/\/liceo-europeo.es\/en\/#organization","name":"Colegio biling\u00fce privado en Madrid | Liceo Europeo","url":"https:\/\/liceo-europeo.es\/en\/","logo":{"@type":"ImageObject","inLanguage":"en-US","@id":"https:\/\/liceo-europeo.es\/en\/#\/schema\/logo\/image\/","url":"https:\/\/liceo-europeo.es\/wp-content\/uploads\/2025\/02\/Logo_liceo_europeo.png","contentUrl":"https:\/\/liceo-europeo.es\/wp-content\/uploads\/2025\/02\/Logo_liceo_europeo.png","width":805,"height":118,"caption":"Colegio biling\u00fce privado en Madrid | Liceo Europeo"},"image":{"@id":"https:\/\/liceo-europeo.es\/en\/#\/schema\/logo\/image\/"},"sameAs":["https:\/\/www.facebook.com\/liceoeuropeo","https:\/\/x.com\/LiceoEuropeo"]}]}},"_links":{"self":[{"href":"https:\/\/liceo-europeo.es\/en\/wp-json\/wp\/v2\/pages\/10543","targetHints":{"allow":["GET"]}}],"collection":[{"href":"https:\/\/liceo-europeo.es\/en\/wp-json\/wp\/v2\/pages"}],"about":[{"href":"https:\/\/liceo-europeo.es\/en\/wp-json\/wp\/v2\/types\/page"}],"author":[{"embeddable":true,"href":"https:\/\/liceo-europeo.es\/en\/wp-json\/wp\/v2\/users\/1"}],"replies":[{"embeddable":true,"href":"https:\/\/liceo-europeo.es\/en\/wp-json\/wp\/v2\/comments?post=10543"}],"version-history":[{"count":6,"href":"https:\/\/liceo-europeo.es\/en\/wp-json\/wp\/v2\/pages\/10543\/revisions"}],"predecessor-version":[{"id":14788,"href":"https:\/\/liceo-europeo.es\/en\/wp-json\/wp\/v2\/pages\/10543\/revisions\/14788"}],"wp:attachment":[{"href":"https:\/\/liceo-europeo.es\/en\/wp-json\/wp\/v2\/media?parent=10543"}],"wp:term":[{"taxonomy":"category","embeddable":true,"href":"https:\/\/liceo-europeo.es\/en\/wp-json\/wp\/v2\/categories?post=10543"},{"taxonomy":"post_tag","embeddable":true,"href":"https:\/\/liceo-europeo.es\/en\/wp-json\/wp\/v2\/tags?post=10543"}],"curies":[{"name":"wp","href":"https:\/\/api.w.org\/{rel}","templated":true}]}}